{"id":1920,"date":"2023-10-06T12:11:37","date_gmt":"2023-10-06T10:11:37","guid":{"rendered":"https:\/\/tjaralinwp.azurewebsites.net\/?post_type=product&#038;p=1920"},"modified":"2024-09-16T17:27:51","modified_gmt":"2024-09-16T15:27:51","slug":"beis","status":"publish","type":"product","link":"https:\/\/www.tjaralin.no\/sv\/produkt\/fasad\/","title":{"rendered":"Beis"},"content":{"rendered":"<p>Tj\u00e6ralin Stain kan appliceras direkt p\u00e5 nytt tr\u00e4 utan behov av grundf\u00e4rg. Den har en h\u00f6g glans och ger en fantastisk lyster. Produkten \u00e4r mycket l\u00e4mplig f\u00f6r b\u00e5de nya och gamla tr\u00e4fasader. Det \u00e4r en f\u00e4rgstabil patenterad produkt som p\u00e5verkas mindre av fukt\/regn direkt efter applicering.<\/p>\n<p>Tj\u00e6ralin Stain framh\u00e4ver tr\u00e4ets naturliga utseende och \u00e4r l\u00e4tt att anv\u00e4nda. Den inneh\u00e5ller tr\u00e4tj\u00e4ra, linolja och svampd\u00f6dande medel som ger goda ytegenskaper och bevarar tr\u00e4et. Tj\u00e6ralin Stain kan m\u00e5las \u00f6ver. Kan blandas i de flesta kul\u00f6rer.<\/p>\n<p>Tj\u00e6ralin Stain finns ocks\u00e5 i en matt version.<\/p>\n<div id=\"gtx-trans\" style=\"position: absolute; left: 1273px; top: 0px;\">\n<div class=\"gtx-trans-icon\"><\/div>\n<\/div>","protected":false},"excerpt":{"rendered":"<p style=\"text-align: center;\">R\u00e4tt p\u00e5 nya tr\u00e4fasader<\/p>\n<ul>\n<li style=\"text-align: left;\">Dryg att anv\u00e4nda<\/li>\n<li style=\"text-align: left;\">Framh\u00e4ver tr\u00e4strukturen<\/li>\n<li style=\"text-align: left;\">\u00d6verm\u00e5lningsbar<\/li>\n<\/ul>","protected":false},"featured_media":7503,"template":"","meta":[],"product_cat":[33],"product_tag":[37],"class_list":{"0":"post-1920","1":"product","2":"type-product","3":"status-publish","4":"has-post-thumbnail","6":"product_cat-ute","7":"product_tag-beis","9":"first","10":"instock","11":"shipping-taxable","12":"product-type-simple"},"aioseo_notices":[],"_links":{"self":[{"href":"https:\/\/www.tjaralin.no\/sv\/wp-json\/wp\/v2\/product\/1920"}],"collection":[{"href":"https:\/\/www.tjaralin.no\/sv\/wp-json\/wp\/v2\/product"}],"about":[{"href":"https:\/\/www.tjaralin.no\/sv\/wp-json\/wp\/v2\/types\/product"}],"wp:featuredmedia":[{"embeddable":true,"href":"https:\/\/www.tjaralin.no\/sv\/wp-json\/wp\/v2\/media\/7503"}],"wp:attachment":[{"href":"https:\/\/www.tjaralin.no\/sv\/wp-json\/wp\/v2\/media?parent=1920"}],"wp:term":[{"taxonomy":"product_cat","embeddable":true,"href":"https:\/\/www.tjaralin.no\/sv\/wp-json\/wp\/v2\/product_cat?post=1920"},{"taxonomy":"product_tag","embeddable":true,"href":"https:\/\/www.tjaralin.no\/sv\/wp-json\/wp\/v2\/product_tag?post=1920"}],"curies":[{"name":"wp","href":"https:\/\/api.w.org\/{rel}","templated":true}]}}