{"id":1993,"date":"2023-10-06T14:58:08","date_gmt":"2023-10-06T12:58:08","guid":{"rendered":"https:\/\/tjaralinwp.azurewebsites.net\/?post_type=product&#038;p=1993"},"modified":"2026-04-28T15:13:58","modified_gmt":"2026-04-28T13:13:58","slug":"oljebasert-terrassebeis","status":"publish","type":"product","link":"https:\/\/www.tjaralin.no\/sv\/produkt\/oljebaserad-bets-for-terrass\/","title":{"rendered":"Oljebasert Terrassebeis"},"content":{"rendered":"<p>Tj\u00e6ralin Oljebaserad terrassbets \u00e4r en alkydoljebaserad transparent produkt f\u00f6r behandling av impregnerade terrassgolv, tr\u00e4dg\u00e5rdsm\u00f6bler etc. Oljebaserad Terrassbets f\u00f6rhindrar gr\u00e5ning och sprickbildning i tr\u00e4et. Betsen inneh\u00e5ller medel mot svartm\u00f6gel och alger. Tj\u00e6ralin Oljebaserad Terrassbets har god intr\u00e4ngningsf\u00f6rm\u00e5ga och ger en vattenavvisande yta.<\/p>","protected":false},"excerpt":{"rendered":"<p style=\"text-align: center;\">Motverkar gr\u00e5ning och sprickbildning i tr\u00e4et!<\/p>\n<ul>\n<li style=\"text-align: left;\">L\u00e5ng h\u00e5llbarhet<\/li>\n<li style=\"text-align: left;\">Vattenavvisande yta<\/li>\n<li style=\"text-align: left;\">Finns i m\u00e5nga olika f\u00e4rger<\/li>\n<\/ul>\n<div id=\"gtx-trans\" style=\"position: absolute; left: 35px; top: 78px;\">\n<div class=\"gtx-trans-icon\"><\/div>\n<\/div>","protected":false},"featured_media":8549,"template":"","meta":[],"product_cat":[33],"product_tag":[37,44],"class_list":{"0":"post-1993","1":"product","2":"type-product","3":"status-publish","4":"has-post-thumbnail","6":"product_cat-ute","7":"product_tag-beis","8":"product_tag-terrasse","10":"first","11":"instock","12":"shipping-taxable","13":"product-type-simple"},"aioseo_notices":[],"_links":{"self":[{"href":"https:\/\/www.tjaralin.no\/sv\/wp-json\/wp\/v2\/product\/1993"}],"collection":[{"href":"https:\/\/www.tjaralin.no\/sv\/wp-json\/wp\/v2\/product"}],"about":[{"href":"https:\/\/www.tjaralin.no\/sv\/wp-json\/wp\/v2\/types\/product"}],"wp:featuredmedia":[{"embeddable":true,"href":"https:\/\/www.tjaralin.no\/sv\/wp-json\/wp\/v2\/media\/8549"}],"wp:attachment":[{"href":"https:\/\/www.tjaralin.no\/sv\/wp-json\/wp\/v2\/media?parent=1993"}],"wp:term":[{"taxonomy":"product_cat","embeddable":true,"href":"https:\/\/www.tjaralin.no\/sv\/wp-json\/wp\/v2\/product_cat?post=1993"},{"taxonomy":"product_tag","embeddable":true,"href":"https:\/\/www.tjaralin.no\/sv\/wp-json\/wp\/v2\/product_tag?post=1993"}],"curies":[{"name":"wp","href":"https:\/\/api.w.org\/{rel}","templated":true}]}}