{"id":3297,"date":"2023-11-16T09:00:14","date_gmt":"2023-11-16T08:00:14","guid":{"rendered":"https:\/\/tjaralinwp.azurewebsites.net\/?post_type=product&#038;p=3297"},"modified":"2026-04-28T15:15:57","modified_gmt":"2026-04-28T13:15:57","slug":"matt-dor-og-vindu","status":"publish","type":"product","link":"https:\/\/tjaralin.no\/sv\/produkt\/matt-dor-och-fonster\/","title":{"rendered":"D\u00f8r &#038; Vindu 20"},"content":{"rendered":"<p>Tj\u00e6ralin D\u00f8r &amp; Vindu 20 er en oljebasert dekkbeis som kan legges rett p\u00e5 nytt treverk, du slipper egen grunning. Produktet er sv\u00e6rt godt egnet for vinduer, d\u00f8rer, garasjer og gjerder. Sv\u00e6rt godt egnet for nytt treverk, men utmerket p\u00e5 gammelt treverk ogs\u00e5. Det har en sv\u00e6rt god kantdekk. Det er et fargestabilt produkt som er mindre p\u00e5virket av fuktighet\/regn direkte etter p\u00e5f\u00f8ring. Tj\u00e6ralin D\u00f8r &amp; Vindu 20 dekker godt og er dr\u00f8y i bruk. Den inneholder UV beskytter, kinesisk treolje og sopphindrende middel som gir gode overflateegenskaper og bevarer treverket i dybden. Tj\u00e6ralin D\u00f8r &amp; Vindu 20 kan overmales.<\/p>\n<p>Kom ig\u00e5ng med ditt arbete\u00a0<a href=\"https:\/\/tjaralin.no\/sv\/b\/25\/kom-i-gang-med-tjaeralin-dor-og-vindu\/\">h\u00e4r!<\/a><\/p>","protected":false},"excerpt":{"rendered":"<p style=\"text-align: center;\">Du beh\u00f6ver ingen primer!<\/p>\n<ul style=\"text-align: left;\">\n<li>Primer och t\u00e4ckf\u00e4rg i ett<\/li>\n<li>Bra kantt\u00e4ckning och flyt<\/li>\n<li>Matt - Glans 20!<\/li>\n<\/ul>\n<p>&nbsp;<\/p>","protected":false},"featured_media":8548,"template":"","meta":[],"product_cat":[33],"product_tag":[42,123,122,126],"class_list":{"0":"post-3297","1":"product","2":"type-product","3":"status-publish","4":"has-post-thumbnail","6":"product_cat-ute","7":"product_tag-dekkbeis","8":"product_tag-dor-vindu-list","9":"product_tag-matt","10":"product_tag-oljebasert","12":"first","13":"instock","14":"shipping-taxable","15":"product-type-simple"},"aioseo_notices":[],"_links":{"self":[{"href":"https:\/\/tjaralin.no\/sv\/wp-json\/wp\/v2\/product\/3297"}],"collection":[{"href":"https:\/\/tjaralin.no\/sv\/wp-json\/wp\/v2\/product"}],"about":[{"href":"https:\/\/tjaralin.no\/sv\/wp-json\/wp\/v2\/types\/product"}],"wp:featuredmedia":[{"embeddable":true,"href":"https:\/\/tjaralin.no\/sv\/wp-json\/wp\/v2\/media\/8548"}],"wp:attachment":[{"href":"https:\/\/tjaralin.no\/sv\/wp-json\/wp\/v2\/media?parent=3297"}],"wp:term":[{"taxonomy":"product_cat","embeddable":true,"href":"https:\/\/tjaralin.no\/sv\/wp-json\/wp\/v2\/product_cat?post=3297"},{"taxonomy":"product_tag","embeddable":true,"href":"https:\/\/tjaralin.no\/sv\/wp-json\/wp\/v2\/product_tag?post=3297"}],"curies":[{"name":"wp","href":"https:\/\/api.w.org\/{rel}","templated":true}]}}