{"id":3302,"date":"2023-11-16T09:44:07","date_gmt":"2023-11-16T08:44:07","guid":{"rendered":"https:\/\/tjaralinwp.azurewebsites.net\/?post_type=product&#038;p=3302"},"modified":"2024-09-16T17:29:29","modified_gmt":"2024-09-16T15:29:29","slug":"kombiprimer","status":"publish","type":"product","link":"https:\/\/www.tjaralin.no\/sv\/produkt\/kombi-primer\/","title":{"rendered":"Kombiprimer"},"content":{"rendered":"<p>Tj\u00e6ralin Kombiprimer \u00e4r en oljebaserad f\u00e4rg f\u00f6r st\u00e5l som kan appliceras direkt, grundf\u00e4rg och t\u00e4ckf\u00e4rg i ett. Tv\u00e4tta och avl\u00e4gsna gammal rost innan du applicerar f\u00e4rgen. Produkten inneh\u00e5ller rostskyddsmedel och torkar snabbt.<br \/>\nTj\u00e6ralin Kombiprimer t\u00e4cker bra och \u00e4r l\u00e4tt att anv\u00e4nda. Tj\u00e6ralin Kombiprimer \u00e4r en av f\u00e5 f\u00e4rgprodukter f\u00f6r st\u00e5l som finns i de flesta kul\u00f6rer.<\/p>\n<ul>\n<li>Primer och t\u00e4ckf\u00e4rg i ett<\/li>\n<li>Slitstark och f\u00f6rhindrar rost<\/li>\n<li>Torkar snabbt<\/li>\n<\/ul>\n<div id=\"gtx-trans\" style=\"position: absolute; left: -23px; top: 88px;\">\n<div class=\"gtx-trans-icon\"><\/div>\n<\/div>","protected":false},"excerpt":{"rendered":"<p style=\"text-align: center;\">T\u00e4cker bra och \u00e4r l\u00e4tt att anv\u00e4nda.<\/p>\n<ul style=\"text-align: left;\">\n<li>Primer och t\u00e4ckf\u00e4rg i ett<\/li>\n<li>Slitstark och f\u00f6rhindrar rost<\/li>\n<li>Torkar snabbt<\/li>\n<\/ul>","protected":false},"featured_media":7506,"template":"","meta":[],"product_cat":[33],"product_tag":[41,120],"class_list":{"0":"post-3302","1":"product","2":"type-product","3":"status-publish","4":"has-post-thumbnail","6":"product_cat-ute","7":"product_tag-grunning","8":"product_tag-metall","10":"first","11":"instock","12":"downloadable","13":"shipping-taxable","14":"product-type-simple"},"aioseo_notices":[],"_links":{"self":[{"href":"https:\/\/www.tjaralin.no\/sv\/wp-json\/wp\/v2\/product\/3302"}],"collection":[{"href":"https:\/\/www.tjaralin.no\/sv\/wp-json\/wp\/v2\/product"}],"about":[{"href":"https:\/\/www.tjaralin.no\/sv\/wp-json\/wp\/v2\/types\/product"}],"wp:featuredmedia":[{"embeddable":true,"href":"https:\/\/www.tjaralin.no\/sv\/wp-json\/wp\/v2\/media\/7506"}],"wp:attachment":[{"href":"https:\/\/www.tjaralin.no\/sv\/wp-json\/wp\/v2\/media?parent=3302"}],"wp:term":[{"taxonomy":"product_cat","embeddable":true,"href":"https:\/\/www.tjaralin.no\/sv\/wp-json\/wp\/v2\/product_cat?post=3302"},{"taxonomy":"product_tag","embeddable":true,"href":"https:\/\/www.tjaralin.no\/sv\/wp-json\/wp\/v2\/product_tag?post=3302"}],"curies":[{"name":"wp","href":"https:\/\/api.w.org\/{rel}","templated":true}]}}