{"id":3948,"date":"2024-03-01T15:19:33","date_gmt":"2024-03-01T14:19:33","guid":{"rendered":"https:\/\/tjaralinwp.azurewebsites.net\/?post_type=product&#038;p=3948"},"modified":"2024-03-24T16:04:47","modified_gmt":"2024-03-24T15:04:47","slug":"terrasserens","status":"publish","type":"product","link":"https:\/\/www.tjaralin.one\/sv\/produkt\/terrassrengoring\/","title":{"rendered":"Terrasserens"},"content":{"rendered":"<p>Tj\u00e6ralin Terrassreng\u00f6ring \u00e4r ett kraftfullt och effektivt reng\u00f6ringsmedel utvecklat f\u00f6r terrasser, trappor och utem\u00f6bler. Vi rekommenderar en \u00e5rlig reng\u00f6ring av terrassen med Tj\u00e6ralin Terrassreng\u00f6ring.<\/p>\n<p>Den anv\u00e4nds outsp\u00e4dd och \u00e4r mycket l\u00e4tt att anv\u00e4nda. Spraya p\u00e5 och sk\u00f6lj av. Levereras i 5-litersdunkar.<\/p>","protected":false},"excerpt":{"rendered":"<p style=\"text-align: center;\">Effektivt reng\u00f6ringsmedel f\u00f6r terrasser!<\/p>\n<ul style=\"text-align: left;\">\n<li>Effektiv<\/li>\n<li>Djupreng\u00f6ring<\/li>\n<li>Klar att anv\u00e4nda<\/li>\n<\/ul>","protected":false},"featured_media":3953,"template":"","meta":[],"product_cat":[33],"product_tag":[46],"class_list":{"0":"post-3948","1":"product","2":"type-product","3":"status-publish","4":"has-post-thumbnail","6":"product_cat-ute","7":"product_tag-vask","9":"first","10":"instock","11":"shipping-taxable","12":"product-type-simple"},"aioseo_notices":[],"_links":{"self":[{"href":"https:\/\/www.tjaralin.one\/sv\/wp-json\/wp\/v2\/product\/3948"}],"collection":[{"href":"https:\/\/www.tjaralin.one\/sv\/wp-json\/wp\/v2\/product"}],"about":[{"href":"https:\/\/www.tjaralin.one\/sv\/wp-json\/wp\/v2\/types\/product"}],"wp:featuredmedia":[{"embeddable":true,"href":"https:\/\/www.tjaralin.one\/sv\/wp-json\/wp\/v2\/media\/3953"}],"wp:attachment":[{"href":"https:\/\/www.tjaralin.one\/sv\/wp-json\/wp\/v2\/media?parent=3948"}],"wp:term":[{"taxonomy":"product_cat","embeddable":true,"href":"https:\/\/www.tjaralin.one\/sv\/wp-json\/wp\/v2\/product_cat?post=3948"},{"taxonomy":"product_tag","embeddable":true,"href":"https:\/\/www.tjaralin.one\/sv\/wp-json\/wp\/v2\/product_tag?post=3948"}],"curies":[{"name":"wp","href":"https:\/\/api.w.org\/{rel}","templated":true}]}}