{"id":6534,"date":"2024-03-27T14:49:24","date_gmt":"2024-03-27T13:49:24","guid":{"rendered":"https:\/\/tjaralinwp.azurewebsites.net\/?post_type=product&#038;p=6534"},"modified":"2024-04-02T11:57:07","modified_gmt":"2024-04-02T09:57:07","slug":"my-art","status":"publish","type":"product","link":"https:\/\/www.tjaralin.no\/sv\/produkt\/min-konst\/","title":{"rendered":"My Art"},"content":{"rendered":"<p>My Art ger din v\u00e4gg en skinande yta av mikrokristaller, n\u00e4stan som en stj\u00e4rnhimmel, och skapar ett s\u00e4kert blickf\u00e5ng i rummet!<\/p>\n<p>Med My Art kan du skapa en illusion av flerf\u00e4rgade nyanser som f\u00f6r\u00e4ndras beroende p\u00e5 hur ljuset tr\u00e4ffar v\u00e4ggen. Effekten av My Art varierar beroende p\u00e5 f\u00e4rgtyp<br \/>\noch vilken f\u00e4rg du f\u00f6rst m\u00e5lade med, men ger garanterat v\u00e4ggen en unik touch!<\/p>\n<div id=\"gtx-trans\" style=\"position: absolute; left: -29px; top: 176px;\">\n<div class=\"gtx-trans-icon\"><\/div>\n<\/div>","protected":false},"excerpt":{"rendered":"<p style=\"text-align: center;\">N\u00e4r du vill ha n\u00e5got unikt.<\/p>\n<ul style=\"text-align: left;\">\n<li>Ger en skinande yta<\/li>\n<li>L\u00e4tt att applicera<\/li>\n<li>Skapar en verkligt unik k\u00e4nsla<\/li>\n<\/ul>","protected":false},"featured_media":6532,"template":"","meta":[],"product_cat":[35],"product_tag":[116],"class_list":{"0":"post-6534","1":"product","2":"type-product","3":"status-publish","4":"has-post-thumbnail","6":"product_cat-effektmaling","7":"product_tag-effektmaling","9":"first","10":"instock","11":"downloadable","12":"shipping-taxable","13":"product-type-simple"},"aioseo_notices":[],"_links":{"self":[{"href":"https:\/\/www.tjaralin.no\/sv\/wp-json\/wp\/v2\/product\/6534"}],"collection":[{"href":"https:\/\/www.tjaralin.no\/sv\/wp-json\/wp\/v2\/product"}],"about":[{"href":"https:\/\/www.tjaralin.no\/sv\/wp-json\/wp\/v2\/types\/product"}],"wp:featuredmedia":[{"embeddable":true,"href":"https:\/\/www.tjaralin.no\/sv\/wp-json\/wp\/v2\/media\/6532"}],"wp:attachment":[{"href":"https:\/\/www.tjaralin.no\/sv\/wp-json\/wp\/v2\/media?parent=6534"}],"wp:term":[{"taxonomy":"product_cat","embeddable":true,"href":"https:\/\/www.tjaralin.no\/sv\/wp-json\/wp\/v2\/product_cat?post=6534"},{"taxonomy":"product_tag","embeddable":true,"href":"https:\/\/www.tjaralin.no\/sv\/wp-json\/wp\/v2\/product_tag?post=6534"}],"curies":[{"name":"wp","href":"https:\/\/api.w.org\/{rel}","templated":true}]}}