{"id":7604,"date":"2024-10-01T09:17:36","date_gmt":"2024-10-01T07:17:36","guid":{"rendered":"https:\/\/tjaralin.no\/?post_type=product&#038;p=7604"},"modified":"2024-10-01T10:32:21","modified_gmt":"2024-10-01T08:32:21","slug":"allover-finish","status":"publish","type":"product","link":"https:\/\/www.tjaralin.no\/sv\/produkt\/allover-finish\/","title":{"rendered":"Allover-finish"},"content":{"rendered":"<p>Dekorativ ytbehandling f\u00f6r golv och v\u00e4ggar. ALLOVER Finish kan endast anv\u00e4ndas \u00f6ver horisontella och vertikala ytor som f\u00f6rbehandlats med ALLOVER Base n\u00e4r en sl\u00e4tare, mer minimalistisk och mindre strukturerad yta \u00f6nskas.<\/p>\n<div id=\"gtx-trans\" style=\"position: absolute; left: -29px; top: 176px;\">\n<div class=\"gtx-trans-icon\"><\/div>\n<\/div>","protected":false},"excerpt":{"rendered":"<p style=\"text-align: center;\">Finish f\u00f6r j\u00e4mnare ytor.<\/p>\n<ul style=\"text-align: left;\">\n<li>L\u00e4tt att applicera<\/li>\n<li>Torkar snabbt<\/li>\n<li>H\u00e5llbar<\/li>\n<\/ul>","protected":false},"featured_media":7594,"template":"","meta":[],"product_cat":[34],"product_tag":[43],"class_list":{"0":"post-7604","1":"product","2":"type-product","3":"status-publish","4":"has-post-thumbnail","6":"product_cat-inne","7":"product_tag-maling","9":"first","10":"instock","11":"downloadable","12":"shipping-taxable","13":"product-type-simple"},"aioseo_notices":[],"_links":{"self":[{"href":"https:\/\/www.tjaralin.no\/sv\/wp-json\/wp\/v2\/product\/7604"}],"collection":[{"href":"https:\/\/www.tjaralin.no\/sv\/wp-json\/wp\/v2\/product"}],"about":[{"href":"https:\/\/www.tjaralin.no\/sv\/wp-json\/wp\/v2\/types\/product"}],"wp:featuredmedia":[{"embeddable":true,"href":"https:\/\/www.tjaralin.no\/sv\/wp-json\/wp\/v2\/media\/7594"}],"wp:attachment":[{"href":"https:\/\/www.tjaralin.no\/sv\/wp-json\/wp\/v2\/media?parent=7604"}],"wp:term":[{"taxonomy":"product_cat","embeddable":true,"href":"https:\/\/www.tjaralin.no\/sv\/wp-json\/wp\/v2\/product_cat?post=7604"},{"taxonomy":"product_tag","embeddable":true,"href":"https:\/\/www.tjaralin.no\/sv\/wp-json\/wp\/v2\/product_tag?post=7604"}],"curies":[{"name":"wp","href":"https:\/\/api.w.org\/{rel}","templated":true}]}}