{"id":7606,"date":"2024-10-01T09:23:50","date_gmt":"2024-10-01T07:23:50","guid":{"rendered":"https:\/\/tjaralin.no\/?post_type=product&#038;p=7606"},"modified":"2024-10-01T10:26:07","modified_gmt":"2024-10-01T08:26:07","slug":"allover-base","status":"publish","type":"product","link":"https:\/\/tjaralin.no\/sv\/produkt\/allover-bas\/","title":{"rendered":"Allover bas"},"content":{"rendered":"<p>Dekorativ grund- och ytbehandling f\u00f6r golv och v\u00e4ggar. Allover Base \u00e4r en spackelliknande produkt som \u00e4r speciellt utvecklad som en primer med h\u00f6g vidh\u00e4ftning och samtidigt en finish med textur, f\u00f6r anv\u00e4ndning p\u00e5 b\u00e5de horisontella och vertikala ytor inomhus. Produkten ger utm\u00e4rkt vidh\u00e4ftning till underlag som betong, epoxigolv och kakel. F\u00f6r sl\u00e4tare, mindre por\u00f6sa ytor, avsluta med ett lager ALLOVER Finish.<\/p>\n<div id=\"gtx-trans\" style=\"position: absolute; left: -29px; top: 176px;\">\n<div class=\"gtx-trans-icon\"><\/div>\n<\/div>","protected":false},"excerpt":{"rendered":"<p style=\"text-align: center;\">Bas med gr\u00f6vre textur.<\/p>\n<ul style=\"text-align: left;\">\n<li>L\u00e4tt att applicera<\/li>\n<li>Torkar snabbt<\/li>\n<li>H\u00e5llbar<\/li>\n<\/ul>","protected":false},"featured_media":7593,"template":"","meta":[],"product_cat":[34],"product_tag":[41,43],"class_list":{"0":"post-7606","1":"product","2":"type-product","3":"status-publish","4":"has-post-thumbnail","6":"product_cat-inne","7":"product_tag-grunning","8":"product_tag-maling","10":"first","11":"instock","12":"downloadable","13":"shipping-taxable","14":"product-type-simple"},"aioseo_notices":[],"_links":{"self":[{"href":"https:\/\/tjaralin.no\/sv\/wp-json\/wp\/v2\/product\/7606"}],"collection":[{"href":"https:\/\/tjaralin.no\/sv\/wp-json\/wp\/v2\/product"}],"about":[{"href":"https:\/\/tjaralin.no\/sv\/wp-json\/wp\/v2\/types\/product"}],"wp:featuredmedia":[{"embeddable":true,"href":"https:\/\/tjaralin.no\/sv\/wp-json\/wp\/v2\/media\/7593"}],"wp:attachment":[{"href":"https:\/\/tjaralin.no\/sv\/wp-json\/wp\/v2\/media?parent=7606"}],"wp:term":[{"taxonomy":"product_cat","embeddable":true,"href":"https:\/\/tjaralin.no\/sv\/wp-json\/wp\/v2\/product_cat?post=7606"},{"taxonomy":"product_tag","embeddable":true,"href":"https:\/\/tjaralin.no\/sv\/wp-json\/wp\/v2\/product_tag?post=7606"}],"curies":[{"name":"wp","href":"https:\/\/api.w.org\/{rel}","templated":true}]}}